{"id":2804,"date":"2025-10-06T12:08:28","date_gmt":"2025-10-06T10:08:28","guid":{"rendered":"https:\/\/dignify.agency\/?page_id=2804"},"modified":"2025-12-10T13:59:49","modified_gmt":"2025-12-10T12:59:49","slug":"cookie-richtlinie","status":"publish","type":"page","link":"https:\/\/dignify.agency\/de\/cookie-richtlinie\/","title":{"rendered":"Cookie-Richtlinie"},"content":{"rendered":"\n<h3 class=\"wp-block-heading\">Geltungsbereich\u00a0<\/h3>\n\n\n\n<p>Diese Cookie-Richtlinie erkl\u00e4rt, wie Dignify Cookies und \u00e4hnliche Technologien auf der Dignify-Website <a href=\"https:\/\/www.dignify.agency\">https:\/\/www.dignify.agency<\/a>. verwendet. Diese Richtlinie gilt f\u00fcr alle Besucher und Nutzer unserer Website.<\/p>\n\n\n\n<p>Diese Version wurde am 9 Dezember 2025 ver\u00f6ffentlicht. Dignify wird Nutzer \u00fcber wesentliche \u00c4nderungen dieser Richtlinie informieren, die unmittelbar nach Ver\u00f6ffentlichung in Kraft treten.<\/p>\n\n\n\n<h3 class=\"wp-block-heading\">Was sind Cookies?\u00a0<\/h3>\n\n\n\n<p>Zur Vereinfachung bezeichnen wir Cookies und \u00e4hnliche Technologien (wie Pixel, Tags und Skripte, die ebenfalls zur Sammlung und Speicherung von Informationen eingesetzt werden k\u00f6nnen) zusammenfassend als \u201cCookies\u201d.<\/p>\n\n\n\n<p>Cookies sind kleine Dateien, die beim Besuch dieser Website im Browser Ihres Computers, Smartphones oder eines anderen Ger\u00e4ts abgelegt und ausgelesen werden. <\/p>\n\n\n\n<p>Tags oder Pixel sind Synonyme und bezeichnen jeweils einen Code, der von Ihrem Browser (z. B. Google Chrome, Safari, Internet Explorer) beim Besuch dieser Website ausgef\u00fchrt wird. Diese Codes k\u00f6nnen bestimmte Daten wie Cookies, Ihre IP-Adresse und weitere Informationen \u00fcber Ihr Ger\u00e4t erfassen. <\/p>\n\n\n\n<p>Dignify verwendet Cookies, um Ihr Online-Erlebnis zu erleichtern und zu verbessern sowie die Inhalte der Website an Ihre Bed\u00fcrfnisse und Pr\u00e4ferenzen anzupassen. <\/p>\n\n\n\n<p>Cookies sind manchmal tempor\u00e4r (sogenannte <strong>\u201cSession-Cookies\u201d<\/strong>), die nach dem Schlie\u00dfen des Browsers gel\u00f6scht werden. Andere Cookies bleiben erhalten, bis sie ablaufen oder von Ihnen gel\u00f6scht werden (sogenannte <strong>\u201cpermanente Cookies\u201d<\/strong>), z. B. um zu speichern, dass Sie eingeloggt sind.<\/p>\n\n\n\n<p>Cookies und Tags k\u00f6nnen entweder von\u00a0Dignify\u00a0selbst gesetzt werden (<strong>\u201cErstanbieter-Cookies\u201d<\/strong>) oder von Dritten, die\u00a0Dignify\u00a0f\u00fcr bestimmte Zwecke einsetzt (<strong>\u201cDrittanbieter-Cookies\u201d<\/strong>).\u00a0<\/p>\n\n\n\n<h3 class=\"wp-block-heading\">Welche Cookies verwendet Dignify?\u00a0<\/h3>\n\n\n\n<p>Dignify verwendet folgende Arten von Cookies:&nbsp;<\/p>\n\n\n\n<ul>\n<li><strong>Unbedingt erforderliche Cookies<\/strong>\u00a0<br>Notwendig f\u00fcr den Betrieb der Website (z. B. Navigation, Sitzungsverwaltung). Diese Cookies sind standardm\u00e4\u00dfig aktiviert und k\u00f6nnen nicht deaktiviert werden, da sie f\u00fcr die Kernfunktionen unerl\u00e4sslich sind.\u00a0<\/li>\n<\/ul>\n\n\n\n<ul>\n<li><strong>Pr\u00e4ferenz-Cookies<\/strong>\u00a0<br>Erm\u00f6glichen es einer Website, sich an Informationen zu erinnern, die das\u00a0Verhalten oder Aussehen der Website ver\u00e4ndern, wie z. B. Ihre bevorzugte Sprache oder Region.\u00a0<\/li>\n<\/ul>\n\n\n\n<ul>\n<li><strong>Statistik-\/Analyse-Cookies<\/strong>\u00a0<br>Dienen der Messung der Websitenutzung und der Sammlung aggregierter Statistiken (z. B. Seitenaufrufe, Sitzungen, Traffic-Quellen). Diese Cookies k\u00f6nnen pseudonymisierte Kennungen enthalten, geben Ihre Identit\u00e4t jedoch nicht direkt preis.\u00a0<\/li>\n<\/ul>\n\n\n\n<ul>\n<li><strong>Marketing-Cookies<\/strong>\u00a0<br>Werden verwendet, um Werbung f\u00fcr Sie relevanter zu machen. Sie k\u00f6nnen Ihr Surfverhalten \u00fcber Websites und Plattformen hinweg verfolgen, um ein Profil Ihrer Interessen zu erstellen und Ihnen personalisierte Werbung anzuzeigen, auch \u00fcber Partner wie Google, LinkedIn und Meta (Facebook\/Instagram).\u00a0<\/li>\n<\/ul>\n\n\n\n<p>Diese Tabelle erkl\u00e4rt, welche Cookies auf der Website verwendet werden:\u00a0<\/p>\n\n\n\n<figure class=\"wp-block-table\"><table><tbody><tr><td><strong>Name<\/strong>&nbsp;<\/td><td><strong>Anbieter<\/strong>&nbsp;<\/td><td><strong>Funktion<\/strong>&nbsp;<\/td><td><strong>Zweck<\/strong>&nbsp;<\/td><td><strong>Dauer<\/strong>&nbsp;<\/td><\/tr><tr><td>CookieConsent&nbsp;<\/td><td>Cookiebot&nbsp;<\/td><td>Speichert den Zustimmungsstatus&nbsp;<\/td><td>Pr\u00e4ferenzen&nbsp;<\/td><td>1 Jahr&nbsp;<\/td><\/tr><tr><td>wpEmojiSettingsSupports&nbsp;<\/td><td>WordPress, CMS der Website&nbsp;<\/td><td>H\u00e4lt den korrekten Zustand der Website-Einstellungen&nbsp;<\/td><td>Pr\u00e4ferenzen&nbsp;<\/td><td>Sitzung&nbsp;<\/td><\/tr><tr><td>wp-wpml_current_language&nbsp;<\/td><td>WordPress, CMS der Website&nbsp;<\/td><td>Verfolgt die Sprachpr\u00e4ferenz&nbsp;<\/td><td>Pr\u00e4ferenzen&nbsp;<\/td><td>Sitzung&nbsp;<\/td><\/tr><tr><td>_ga&nbsp;<\/td><td>Google Analytics&nbsp;<\/td><td>Speichert aggregierte Statistiken&nbsp;<\/td><td>Marketing&nbsp;<\/td><td>2 Jahre&nbsp;<\/td><\/tr><tr><td><em>ga<\/em>#&nbsp;<\/td><td>Google Analytics&nbsp;<\/td><td>Speichert aggregierte Statistiken&nbsp;<\/td><td>Marketing&nbsp;<\/td><td>2 Jahre&nbsp;<\/td><\/tr><\/tbody><\/table><\/figure>\n\n\n\n<h3 class=\"wp-block-heading\">Einwilligung &amp; Verwaltung\u00a0<\/h3>\n\n\n\n<p>Unbedingt erforderliche Cookies werden ohne Ihre Einwilligung gesetzt, da sie f\u00fcr das Funktionieren unserer Website notwendig sind. Beim ersten Besuch unserer Website erscheint ein Cookie-Banner. Alle anderen Kategorien von Cookies (Pr\u00e4ferenz, Analyse und Marketing) werden nur gesetzt, wenn Sie \u00fcber dieses Banner Ihre vorherige Einwilligung erteilen. Sie k\u00f6nnen Ihre Einwilligung jederzeit \u00fcber die Cookie-Einstellungen auf jeder Seite \u00e4ndern oder widerrufen.\u00a0<\/p>\n\n\n\n<h3 class=\"wp-block-heading\">Ihre Wahlm\u00f6glichkeiten und Rechte\u00a0<\/h3>\n\n\n\n<ul>\n<li>Sie k\u00f6nnen Pr\u00e4ferenz-, Analyse- und Marketing-Cookies ablehnen, ohne dass die Grundfunktionen der Website beeintr\u00e4chtigt werden.\u00a0<\/li>\n\n\n\n<li>Sie k\u00f6nnen Ihre Cookie-Einstellungen jederzeit \u00fcber die Cookie-Einstellungen \u00e4ndern.\u00a0<\/li>\n\n\n\n<li>Sie k\u00f6nnen Cookies auch jederzeit \u00fcber Ihre Browsereinstellungen l\u00f6schen (siehe unten).\u00a0<\/li>\n<\/ul>\n\n\n\n<p>Wenn Sie Cookies ablehnen, k\u00f6nnen Sie m\u00f6glicherweise nicht alle Funktionen unserer Website optimal nutzen oder auf alle Online-Dienste zugreifen.\u00a0<br>Zus\u00e4tzlich zur Verwaltung Ihrer Cookie-Pr\u00e4ferenzen haben Sie auch die Rechte gem\u00e4\u00df der DSGVO, wie das Recht auf Auskunft, Berichtigung, L\u00f6schung, Einschr\u00e4nkung, Widerspruch und Daten\u00fcbertragbarkeit. Informationen zur Aus\u00fcbung dieser Rechte finden Sie in unserer <a href=\"https:\/\/www.dignify.agency\/de\/datenschutzerklarung\/\" data-type=\"page\" data-id=\"3\">Datenschutzerkl\u00e4rung.<\/a><\/p>\n\n\n\n<h3 class=\"wp-block-heading\">Drittanbieter-Cookies\u00a0<\/h3>\n\n\n\n<p>Dignify kann auch Plattformen wie Google, LinkedIn oder Meta f\u00fcr Marketingzwecke nutzen.&nbsp;<\/p>\n\n\n\n<ul>\n<li>Teamtailor: verwendet unbedingt erforderliche, Analyse- und Marketing-Cookies.\u00a0<\/li>\n<\/ul>\n\n\n\n<ul>\n<li>Google, LinkedIn oder Meta: Diese Parteien k\u00f6nnen Cookies setzen, wenn Inhalte oder Werbung von deren Plattformen angezeigt werden.\u00a0<\/li>\n<\/ul>\n\n\n\n<p>Diese Drittanbieter k\u00f6nnen die durch Cookies gesammelten Informationen mit anderen Daten, die sie \u00fcber Sie haben, kombinieren. Dignify hat keine Kontrolle \u00fcber diese Drittanbieter-Cookies und die Speicherdauer wird von diesen Anbietern festgelegt. Detaillierte Informationen zu deren Aufbewahrungsfristen finden Sie in den jeweiligen Cookie- oder Datenschutzrichtlinien.&nbsp;<\/p>\n\n\n\n<h3 class=\"wp-block-heading\">So verwalten Sie Cookies in Ihrem Browser\u00a0<\/h3>\n\n\n\n<p>Jeder Browser erm\u00f6glicht es Ihnen, Cookies zu verwalten oder zu l\u00f6schen. Zum Beispiel:&nbsp;<\/p>\n\n\n\n<ul>\n<li><strong>Chrome<\/strong>: Einstellungen \u2192 Datenschutz und Sicherheit \u2192 Cookies und andere Websitedaten\u00a0<\/li>\n<\/ul>\n\n\n\n<ul>\n<li><strong>Firefox<\/strong>: Einstellungen \u2192 Datenschutz &amp; Sicherheit \u2192 Cookies und Website-Daten\u00a0<\/li>\n<\/ul>\n\n\n\n<ul>\n<li><strong>Safari<\/strong>: Einstellungen \u2192 Datenschutz \u2192 Website-Daten verwalten\u00a0<\/li>\n<\/ul>\n\n\n\n<p>Weitere Informationen zu Cookies finden Sie auf der Website&nbsp;<a href=\"http:\/\/www.allaboutcookies.org\/\" target=\"_blank\" rel=\"noreferrer noopener\">www.allaboutcookies.org<\/a>.&nbsp;Diese Website erkl\u00e4rt auch, wie Cookies entfernt werden k\u00f6nnen und wie Sie vertrauensw\u00fcrdigen Websites erlauben, Cookies in Ihrem Browser zu speichern.&nbsp;<\/p>\n\n\n\n<p>Nach dem L\u00f6schen von Cookies werden Sie bei Ihrem n\u00e4chsten Besuch erneut nach Ihren Cookie-Pr\u00e4ferenzen gefragt.&nbsp;<\/p>\n\n\n\n<h3 class=\"wp-block-heading\">Kontakt\u00a0<\/h3>\n\n\n\n<p>Wenn Sie Fragen zu dieser Cookie-Richtlinie oder zur Verwendung von Cookies auf unserer Website haben, k\u00f6nnen Sie uns kontaktieren unter:\u00a0<\/p>\n\n\n\n<p><strong>E-Mail:<\/strong>\u00a0<a href=\"mailto:privacy@dignify.be\" target=\"_blank\" rel=\"noreferrer noopener\">privacy@dignify.be<\/a>\u00a0<br><strong>Datenschutzbeauftragter (DPO):<\/strong>\u00a0<a href=\"mailto:dpo@customercollective.eu\" target=\"_blank\" rel=\"noreferrer noopener\">dpo@customercollective.eu<\/a>\u00a0<br><strong>Adresse:<\/strong>\u00a0Houtparklaan 1 bus 10, 3600 Genk, Belgien\u00a0<\/p>\n","protected":false},"excerpt":{"rendered":"<p>Geltungsbereich\u00a0 Diese Cookie-Richtlinie erkl\u00e4rt, wie Dignify Cookies und \u00e4hnliche Technologien auf der Dignify-Website https:\/\/www.dignify.agency. verwendet. Diese Richtlinie gilt f\u00fcr alle Besucher und Nutzer unserer Website. Diese Version wurde am 9 Dezember 2025 ver\u00f6ffentlicht. Dignify wird Nutzer \u00fcber wesentliche \u00c4nderungen dieser Richtlinie informieren, die unmittelbar nach Ver\u00f6ffentlichung in Kraft treten. Was sind Cookies?\u00a0 Zur Vereinfachung bezeichnen [&hellip;]<\/p>\n","protected":false},"author":10,"featured_media":0,"parent":0,"menu_order":0,"comment_status":"closed","ping_status":"closed","template":"legal.php","meta":{"_acf_changed":false,"footnotes":""},"acf":[],"_links":{"self":[{"href":"https:\/\/dignify.agency\/de\/wp-json\/wp\/v2\/pages\/2804"}],"collection":[{"href":"https:\/\/dignify.agency\/de\/wp-json\/wp\/v2\/pages"}],"about":[{"href":"https:\/\/dignify.agency\/de\/wp-json\/wp\/v2\/types\/page"}],"author":[{"embeddable":true,"href":"https:\/\/dignify.agency\/de\/wp-json\/wp\/v2\/users\/10"}],"replies":[{"embeddable":true,"href":"https:\/\/dignify.agency\/de\/wp-json\/wp\/v2\/comments?post=2804"}],"version-history":[{"count":7,"href":"https:\/\/dignify.agency\/de\/wp-json\/wp\/v2\/pages\/2804\/revisions"}],"predecessor-version":[{"id":2816,"href":"https:\/\/dignify.agency\/de\/wp-json\/wp\/v2\/pages\/2804\/revisions\/2816"}],"wp:attachment":[{"href":"https:\/\/dignify.agency\/de\/wp-json\/wp\/v2\/media?parent=2804"}],"curies":[{"name":"wp","href":"https:\/\/api.w.org\/{rel}","templated":true}]}}